{"id":2,"date":"2021-10-13T13:14:08","date_gmt":"2021-10-13T13:14:08","guid":{"rendered":"https:\/\/mrassistant.eu\/?page_id=2"},"modified":"2023-10-24T14:44:58","modified_gmt":"2023-10-24T14:44:58","slug":"politika-privatnosti","status":"publish","type":"page","link":"https:\/\/mrassistant.eu\/hr\/politika-privatnosti\/","title":{"rendered":"Politika privatnosti"},"content":{"rendered":"\t\t<div data-elementor-type=\"wp-page\" data-elementor-id=\"2\" class=\"elementor elementor-2\">\n\t\t\t\t\t\t<section class=\"elementor-section elementor-top-section elementor-element elementor-element-7aa7fe46 elementor-section-boxed elementor-section-height-default elementor-section-height-default\" data-id=\"7aa7fe46\" data-element_type=\"section\" data-e-type=\"section\">\n\t\t\t\t\t\t<div class=\"elementor-container elementor-column-gap-default\">\n\t\t\t\t\t<div class=\"elementor-column elementor-col-100 elementor-top-column elementor-element elementor-element-7608a901\" data-id=\"7608a901\" data-element_type=\"column\" data-e-type=\"column\">\n\t\t\t<div class=\"elementor-widget-wrap elementor-element-populated\">\n\t\t\t\t\t\t<div class=\"elementor-element elementor-element-303f9b4b elementor-widget elementor-widget-text-editor\" data-id=\"303f9b4b\" data-element_type=\"widget\" data-e-type=\"widget\" data-widget_type=\"text-editor.default\">\n\t\t\t\t<div class=\"elementor-widget-container\">\n\t\t\t\t\t\t\t\t\t<h3>1. Uvod<\/h3>\n<p>Va\u0161a privatnost i za\u0161tita podataka su nam od najve\u0107e va\u017enosti. Ova Politika privatnosti predstavlja na\u0161u izjavu o za\u0161titi podataka putem koje bismo \u017eeljeli na transparentan na\u010din dati informacije o prirodi, opsegu, svrsi i uvjetima pod kojima prikupljamo, koristimo i obra\u0111ujemo osobne podatke, kao i o pravima koja Vam pripadaju kao ispitaniku. Obrada Va\u0161ih osobnih podataka \u0107e uvijek biti u skladu s Op\u0107om uredbom o za\u0161titi podataka (GDPR), kao i hrvatskim propisima o za\u0161titi osobnih podataka.<\/p>\n<h3>2. Tko je voditelj obrade podataka?<\/h3>\n<p>Kao voditelj obrade podataka, CITUS d.o.o je implementirao brojne tehni\u010dke i organizacijske mjere kako bi osigurao sveobuhvatnu za\u0161titu osobnih podataka koji se obra\u0111uju u sklopu poslovnog odnosa s na\u0161im klijentima. U slu\u010daju da imate bilo kakvih pitanja u vezi Va\u0161ih osobnih podataka ili na\u0161ih postupaka vezanih uz za\u0161titu podataka, slobodno nas kontaktirajte:<\/p>\n<p>CITUS d.o.o.<br>Vrbje 1C, Zagreb, Hrvatska<br>Slu\u017ebenik za za\u0161titu osobnih podataka:&nbsp;<a class=\"text-deep-pink\" href=\"mailto:gdpr@citus.hr\">gdpr@citus.hr<\/a><\/p>\n<h3>3. Osobni podaci i obrada<\/h3>\n<p>Osobne podatke prikupljamo i pohranjujemo isklju\u010divo u mjeri u kojoj je to potrebno za pru\u017eanje usluge i temelji se na zakonskoj osnovi, ugovornoj obvezi ili dobrovoljno danoj suglasnosti.<\/p>\n<p>Prilikom pohrane podataka, osobni podaci se pohranjuju na najmanjem mogu\u0107em broju mjesta na kojima su adekvatno za\u0161ti\u0107eni. Pristup osobnim podacima omogu\u0107en je isklju\u010divo na temelju poslovne potrebe.<\/p>\n<p>Osobni podaci se ne koriste u svrhe razvoja ili testiranja IT sustava. Gdje god je to mogu\u0107e, osobni podaci su za\u0161ti\u0107eni enkripcijom, pseudonimizacijom ili anonimizacijom.<\/p>\n<p>Svi osobni podaci za koje ne postoji osnova \u010duvanja, bez odlaganja se bri\u0161u ili uni\u0161tavaju.<\/p>\n<p>Mjera definiranih ovom politikom moraju se pridr\u017eavati svi zaposlenici CITUS d.o.o., kao i tre\u0107e strane koje u okviru svoje suradnje s Organizacijom ostvaruju pristup osobnim podacima.<\/p>\n<p>Va\u0161e osobne podatke ne prenosimo u tre\u0107e zemlje, a ukoliko se za to poka\u017ee potreba zatra\u017eit \u0107emo Va\u0161u izri\u010ditu suglasnost za to.<\/p>\n<h3>4. Pravo na pristup<\/h3>\n<p>Imate pravo zahtijevati od nas potvrdu koju kategoriju Va\u0161ih osobnih podataka obra\u0111ujemo, u koju svrhu, dijelimo li Va\u0161e podatke s nekime, koliko \u0107e dugo ostati pohranjeni itd.<\/p>\n<p>Imati pravo zahtijevati ispravak Va\u0161ih osobnih podataka koji su neto\u010dni, kao i pravo da se dopune Va\u0161i nepotpuni osobni podaci, te da se obri\u0161u Va\u0161i podaci ukoliko ne postoji ni jedna pravna osnova za njihovu daljnju obradu.<\/p>\n<p>Ako imate pitanja o na\u0161em postupanju s podacima ili o ostvarivanju Va\u0161ih prava, slobodno nas kontaktirajte e-mailom na gdpr@citus.hr<\/p>\n<h3>5. Za\u0161tita osobnih podataka<\/h3>\n<p>U slu\u010daju da, usprkos svim poduzetim sigurnosnim mjerama, povjerljivost ili dostupnost Va\u0161ih osobnih podataka bude na neki na\u010din ugro\u017eena, odmah \u0107emo obavijestiti nadle\u017eno nadzorno tijelo i\/ili Vas kao ispitanika, u skladu s primjenjivim europskim i nacionalnim propisima.<\/p>\n<h3>6. Upotreba kola\u010di\u0107a<\/h3>\n<p>Na\u0161a web stranica koristi samo one kola\u010di\u0107e koji su neophodno potrebni za funkcioniranje web stranice.<\/p>\n<p>Ne koristimo kola\u010di\u0107e za:<\/p>\n<ul>\n<li>Prikupljanje bilo kakvih osobnih identifikacijskih informacija (bez va\u0161eg izri\u010ditog pristanka)<\/li>\n<li>Prikupljanje osjetljivih informacija (bez va\u0161eg izri\u010ditog pristanka)<\/li>\n<li>Proslje\u0111ivanje va\u0161ih podataka tre\u0107im stranama<\/li>\n<\/ul>\n<h3>7. Isklju\u010divanje kola\u010di\u0107a<\/h3>\n<p>Uobi\u010dajeno mo\u017eete isklju\u010diti kola\u010di\u0107e tako \u0161to podesite postavke svog web preglednika da prestane s prihva\u0107anjem kola\u010di\u0107a (upute za isklju\u010divanje mo\u017eete prona\u0107i&nbsp;<a class=\"text-deep-pink\" title=\"Isklju\u010divanje kola\u010di\u0107a\" href=\"https:\/\/www.attacat.co.uk\/resources\/cookies\/how-to-ban\" target=\"_blank\" rel=\"noopener noreferrer\">ovdje<\/a>). Ukoliko to u\u010dinite najvjerojatnije \u0107ete ograni\u010diti funkcionalnost na\u0161e web stranice kao i velikog broja drugih web stranica budu\u0107i da su kola\u010di\u0107i standardan dio ve\u0107ine modernih web stranica.<\/p>\n<p>Ova Politika privatnosti se primjenjuje od 14.10.2021.<\/p>\t\t\t\t\t\t\t\t<\/div>\n\t\t\t\t<\/div>\n\t\t\t\t\t<\/div>\n\t\t<\/div>\n\t\t\t\t\t<\/div>\n\t\t<\/section>\n\t\t\t\t<\/div>\n\t\t","protected":false},"excerpt":{"rendered":"<p>1. Uvod Va\u0161a privatnost i za\u0161tita podataka su nam od najve\u0107e va\u017enosti. Ova Politika privatnosti predstavlja na\u0161u izjavu o za\u0161titi podataka putem koje bismo \u017eeljeli na transparentan na\u010din dati informacije o prirodi, opsegu, svrsi i uvjetima pod kojima prikupljamo, koristimo i obra\u0111ujemo osobne podatke, kao i o pravima koja Vam pripadaju kao ispitaniku. Obrada Va\u0161ih [&hellip;]<\/p>\n","protected":false},"author":1,"featured_media":0,"parent":0,"menu_order":0,"comment_status":"closed","ping_status":"closed","template":"","meta":{"site-sidebar-layout":"default","site-content-layout":"plain-container","ast-site-content-layout":"default","site-content-style":"default","site-sidebar-style":"default","ast-global-header-display":"","ast-banner-title-visibility":"","ast-main-header-display":"","ast-hfb-above-header-display":"","ast-hfb-below-header-display":"","ast-hfb-mobile-header-display":"","site-post-title":"","ast-breadcrumbs-content":"","ast-featured-img":"","footer-sml-layout":"","ast-disable-related-posts":"","theme-transparent-header-meta":"default","adv-header-id-meta":"","stick-header-meta":"","header-above-stick-meta":"","header-main-stick-meta":"","header-below-stick-meta":"","astra-migrate-meta-layouts":"default","ast-page-background-enabled":"default","ast-page-background-meta":{"desktop":{"background-color":"","background-image":"","background-repeat":"repeat","background-position":"center center","background-size":"auto","background-attachment":"scroll","background-type":"","background-media":"","overlay-type":"","overlay-color":"","overlay-opacity":"","overlay-gradient":""},"tablet":{"background-color":"","background-image":"","background-repeat":"repeat","background-position":"center center","background-size":"auto","background-attachment":"scroll","background-type":"","background-media":"","overlay-type":"","overlay-color":"","overlay-opacity":"","overlay-gradient":""},"mobile":{"background-color":"","background-image":"","background-repeat":"repeat","background-position":"center center","background-size":"auto","background-attachment":"scroll","background-type":"","background-media":"","overlay-type":"","overlay-color":"","overlay-opacity":"","overlay-gradient":""}},"ast-content-background-meta":{"desktop":{"background-color":"var(--ast-global-color-5)","background-image":"","background-repeat":"repeat","background-position":"center center","background-size":"auto","background-attachment":"scroll","background-type":"","background-media":"","overlay-type":"","overlay-color":"","overlay-opacity":"","overlay-gradient":""},"tablet":{"background-color":"var(--ast-global-color-5)","background-image":"","background-repeat":"repeat","background-position":"center center","background-size":"auto","background-attachment":"scroll","background-type":"","background-media":"","overlay-type":"","overlay-color":"","overlay-opacity":"","overlay-gradient":""},"mobile":{"background-color":"var(--ast-global-color-5)","background-image":"","background-repeat":"repeat","background-position":"center center","background-size":"auto","background-attachment":"scroll","background-type":"","background-media":"","overlay-type":"","overlay-color":"","overlay-opacity":"","overlay-gradient":""}},"footnotes":""},"class_list":["post-2","page","type-page","status-publish","hentry"],"yoast_head":"<!-- This site is optimized with the Yoast SEO plugin v27.4 - https:\/\/yoast.com\/product\/yoast-seo-wordpress\/ -->\n<title>Politika privatnosti - Remote MR Assistant<\/title>\n<meta name=\"robots\" content=\"index, follow, max-snippet:-1, max-image-preview:large, max-video-preview:-1\" \/>\n<link rel=\"canonical\" href=\"https:\/\/mrassistant.eu\/hr\/politika-privatnosti\/\" \/>\n<meta property=\"og:locale\" content=\"hr_HR\" \/>\n<meta property=\"og:type\" content=\"article\" \/>\n<meta property=\"og:title\" content=\"Politika privatnosti - Remote MR Assistant\" \/>\n<meta property=\"og:description\" content=\"1. Uvod Va\u0161a privatnost i za\u0161tita podataka su nam od najve\u0107e va\u017enosti. Ova Politika privatnosti predstavlja na\u0161u izjavu o za\u0161titi podataka putem koje bismo \u017eeljeli na transparentan na\u010din dati informacije o prirodi, opsegu, svrsi i uvjetima pod kojima prikupljamo, koristimo i obra\u0111ujemo osobne podatke, kao i o pravima koja Vam pripadaju kao ispitaniku. Obrada Va\u0161ih [&hellip;]\" \/>\n<meta property=\"og:url\" content=\"https:\/\/mrassistant.eu\/hr\/politika-privatnosti\/\" \/>\n<meta property=\"og:site_name\" content=\"Remote MR Assistant\" \/>\n<meta property=\"article:modified_time\" content=\"2023-10-24T14:44:58+00:00\" \/>\n<meta name=\"twitter:card\" content=\"summary_large_image\" \/>\n<meta name=\"twitter:label1\" content=\"Procijenjeno vrijeme \u010ditanja\" \/>\n\t<meta name=\"twitter:data1\" content=\"3 minute\" \/>\n<script type=\"application\/ld+json\" class=\"yoast-schema-graph\">{\"@context\":\"https:\\\/\\\/schema.org\",\"@graph\":[{\"@type\":\"WebPage\",\"@id\":\"https:\\\/\\\/mrassistant.eu\\\/hr\\\/politika-privatnosti\\\/\",\"url\":\"https:\\\/\\\/mrassistant.eu\\\/hr\\\/politika-privatnosti\\\/\",\"name\":\"Politika privatnosti - Remote MR Assistant\",\"isPartOf\":{\"@id\":\"https:\\\/\\\/mrassistant.eu\\\/hr\\\/#website\"},\"datePublished\":\"2021-10-13T13:14:08+00:00\",\"dateModified\":\"2023-10-24T14:44:58+00:00\",\"breadcrumb\":{\"@id\":\"https:\\\/\\\/mrassistant.eu\\\/hr\\\/politika-privatnosti\\\/#breadcrumb\"},\"inLanguage\":\"hr\",\"potentialAction\":[{\"@type\":\"ReadAction\",\"target\":[\"https:\\\/\\\/mrassistant.eu\\\/hr\\\/politika-privatnosti\\\/\"]}]},{\"@type\":\"BreadcrumbList\",\"@id\":\"https:\\\/\\\/mrassistant.eu\\\/hr\\\/politika-privatnosti\\\/#breadcrumb\",\"itemListElement\":[{\"@type\":\"ListItem\",\"position\":1,\"name\":\"Po\u010detna stranica\",\"item\":\"https:\\\/\\\/mrassistant.eu\\\/hr\\\/\"},{\"@type\":\"ListItem\",\"position\":2,\"name\":\"Politika privatnosti\"}]},{\"@type\":\"WebSite\",\"@id\":\"https:\\\/\\\/mrassistant.eu\\\/hr\\\/#website\",\"url\":\"https:\\\/\\\/mrassistant.eu\\\/hr\\\/\",\"name\":\"Remote MR Assistant\",\"description\":\"Razvoj softvera za kontekstualizaciju industrijske okoline pomo\u0107u pomije\u0161ane stvarnosti u energetici i prometu\",\"publisher\":{\"@id\":\"https:\\\/\\\/mrassistant.eu\\\/hr\\\/#organization\"},\"potentialAction\":[{\"@type\":\"SearchAction\",\"target\":{\"@type\":\"EntryPoint\",\"urlTemplate\":\"https:\\\/\\\/mrassistant.eu\\\/hr\\\/?s={search_term_string}\"},\"query-input\":{\"@type\":\"PropertyValueSpecification\",\"valueRequired\":true,\"valueName\":\"search_term_string\"}}],\"inLanguage\":\"hr\"},{\"@type\":\"Organization\",\"@id\":\"https:\\\/\\\/mrassistant.eu\\\/hr\\\/#organization\",\"name\":\"Remote MR Assistant\",\"url\":\"https:\\\/\\\/mrassistant.eu\\\/hr\\\/\",\"logo\":{\"@type\":\"ImageObject\",\"inLanguage\":\"hr\",\"@id\":\"https:\\\/\\\/mrassistant.eu\\\/hr\\\/#\\\/schema\\\/logo\\\/image\\\/\",\"url\":\"https:\\\/\\\/mrassistant.eu\\\/wp-content\\\/uploads\\\/2022\\\/12\\\/logo-black-1.svg\",\"contentUrl\":\"https:\\\/\\\/mrassistant.eu\\\/wp-content\\\/uploads\\\/2022\\\/12\\\/logo-black-1.svg\",\"width\":256,\"height\":34,\"caption\":\"Remote MR Assistant\"},\"image\":{\"@id\":\"https:\\\/\\\/mrassistant.eu\\\/hr\\\/#\\\/schema\\\/logo\\\/image\\\/\"}}]}<\/script>\n<!-- \/ Yoast SEO plugin. -->","yoast_head_json":{"title":"Politika privatnosti - Remote MR Assistant","robots":{"index":"index","follow":"follow","max-snippet":"max-snippet:-1","max-image-preview":"max-image-preview:large","max-video-preview":"max-video-preview:-1"},"canonical":"https:\/\/mrassistant.eu\/hr\/politika-privatnosti\/","og_locale":"hr_HR","og_type":"article","og_title":"Politika privatnosti - Remote MR Assistant","og_description":"1. Uvod Va\u0161a privatnost i za\u0161tita podataka su nam od najve\u0107e va\u017enosti. Ova Politika privatnosti predstavlja na\u0161u izjavu o za\u0161titi podataka putem koje bismo \u017eeljeli na transparentan na\u010din dati informacije o prirodi, opsegu, svrsi i uvjetima pod kojima prikupljamo, koristimo i obra\u0111ujemo osobne podatke, kao i o pravima koja Vam pripadaju kao ispitaniku. Obrada Va\u0161ih [&hellip;]","og_url":"https:\/\/mrassistant.eu\/hr\/politika-privatnosti\/","og_site_name":"Remote MR Assistant","article_modified_time":"2023-10-24T14:44:58+00:00","twitter_card":"summary_large_image","twitter_misc":{"Procijenjeno vrijeme \u010ditanja":"3 minute"},"schema":{"@context":"https:\/\/schema.org","@graph":[{"@type":"WebPage","@id":"https:\/\/mrassistant.eu\/hr\/politika-privatnosti\/","url":"https:\/\/mrassistant.eu\/hr\/politika-privatnosti\/","name":"Politika privatnosti - Remote MR Assistant","isPartOf":{"@id":"https:\/\/mrassistant.eu\/hr\/#website"},"datePublished":"2021-10-13T13:14:08+00:00","dateModified":"2023-10-24T14:44:58+00:00","breadcrumb":{"@id":"https:\/\/mrassistant.eu\/hr\/politika-privatnosti\/#breadcrumb"},"inLanguage":"hr","potentialAction":[{"@type":"ReadAction","target":["https:\/\/mrassistant.eu\/hr\/politika-privatnosti\/"]}]},{"@type":"BreadcrumbList","@id":"https:\/\/mrassistant.eu\/hr\/politika-privatnosti\/#breadcrumb","itemListElement":[{"@type":"ListItem","position":1,"name":"Po\u010detna stranica","item":"https:\/\/mrassistant.eu\/hr\/"},{"@type":"ListItem","position":2,"name":"Politika privatnosti"}]},{"@type":"WebSite","@id":"https:\/\/mrassistant.eu\/hr\/#website","url":"https:\/\/mrassistant.eu\/hr\/","name":"Remote MR Assistant","description":"Razvoj softvera za kontekstualizaciju industrijske okoline pomo\u0107u pomije\u0161ane stvarnosti u energetici i prometu","publisher":{"@id":"https:\/\/mrassistant.eu\/hr\/#organization"},"potentialAction":[{"@type":"SearchAction","target":{"@type":"EntryPoint","urlTemplate":"https:\/\/mrassistant.eu\/hr\/?s={search_term_string}"},"query-input":{"@type":"PropertyValueSpecification","valueRequired":true,"valueName":"search_term_string"}}],"inLanguage":"hr"},{"@type":"Organization","@id":"https:\/\/mrassistant.eu\/hr\/#organization","name":"Remote MR Assistant","url":"https:\/\/mrassistant.eu\/hr\/","logo":{"@type":"ImageObject","inLanguage":"hr","@id":"https:\/\/mrassistant.eu\/hr\/#\/schema\/logo\/image\/","url":"https:\/\/mrassistant.eu\/wp-content\/uploads\/2022\/12\/logo-black-1.svg","contentUrl":"https:\/\/mrassistant.eu\/wp-content\/uploads\/2022\/12\/logo-black-1.svg","width":256,"height":34,"caption":"Remote MR Assistant"},"image":{"@id":"https:\/\/mrassistant.eu\/hr\/#\/schema\/logo\/image\/"}}]}},"_links":{"self":[{"href":"https:\/\/mrassistant.eu\/hr\/wp-json\/wp\/v2\/pages\/2","targetHints":{"allow":["GET"]}}],"collection":[{"href":"https:\/\/mrassistant.eu\/hr\/wp-json\/wp\/v2\/pages"}],"about":[{"href":"https:\/\/mrassistant.eu\/hr\/wp-json\/wp\/v2\/types\/page"}],"author":[{"embeddable":true,"href":"https:\/\/mrassistant.eu\/hr\/wp-json\/wp\/v2\/users\/1"}],"replies":[{"embeddable":true,"href":"https:\/\/mrassistant.eu\/hr\/wp-json\/wp\/v2\/comments?post=2"}],"version-history":[{"count":12,"href":"https:\/\/mrassistant.eu\/hr\/wp-json\/wp\/v2\/pages\/2\/revisions"}],"predecessor-version":[{"id":1817,"href":"https:\/\/mrassistant.eu\/hr\/wp-json\/wp\/v2\/pages\/2\/revisions\/1817"}],"wp:attachment":[{"href":"https:\/\/mrassistant.eu\/hr\/wp-json\/wp\/v2\/media?parent=2"}],"curies":[{"name":"wp","href":"https:\/\/api.w.org\/{rel}","templated":true}]}}